{"id":1578,"date":"2023-03-17T13:21:26","date_gmt":"2023-03-17T11:21:26","guid":{"rendered":"https:\/\/yourmentalbalance.com\/kkk\/"},"modified":"2023-06-05T13:28:11","modified_gmt":"2023-06-05T10:28:11","slug":"kkk","status":"publish","type":"page","link":"https:\/\/yourmentalbalance.com\/et\/kkk\/","title":{"rendered":"KKK"},"content":{"rendered":"<p><div class=\"fusion-fullwidth fullwidth-box fusion-builder-row-1 fusion-flex-container has-pattern-background has-mask-background nonhundred-percent-fullwidth non-hundred-percent-height-scrolling\" style=\"--awb-border-radius-top-left:0px;--awb-border-radius-top-right:0px;--awb-border-radius-bottom-right:0px;--awb-border-radius-bottom-left:0px;--awb-margin-top:-65px;--awb-background-color:var(--awb-custom_color_4);\" ><div class=\"fusion-builder-row fusion-row fusion-flex-align-items-flex-start\" style=\"max-width:1248px;margin-left: calc(-4% \/ 2 );margin-right: calc(-4% \/ 2 );\"><div class=\"fusion-layout-column fusion_builder_column fusion-builder-column-0 fusion_builder_column_1_1 1_1 fusion-flex-column\" style=\"--awb-padding-right:40px;--awb-bg-size:cover;--awb-width-large:100%;--awb-margin-top-large:0px;--awb-spacing-right-large:1.92%;--awb-margin-bottom-large:20px;--awb-spacing-left-large:1.92%;--awb-width-medium:100%;--awb-order-medium:0;--awb-spacing-right-medium:1.92%;--awb-spacing-left-medium:1.92%;--awb-width-small:100%;--awb-order-small:0;--awb-spacing-right-small:1.92%;--awb-spacing-left-small:1.92%;\"><div class=\"fusion-column-wrapper fusion-column-has-shadow fusion-flex-justify-content-flex-start fusion-content-layout-column\"><div class=\"fusion-separator fusion-full-width-sep\" style=\"align-self: center;margin-left: auto;margin-right: auto;margin-top:15px;width:100%;\"><\/div><div class=\"fusion-text fusion-text-1\"><h1 style=\"text-align: left;\">KKK &#8211; Korduma kippuvad k\u00fcsimused<\/h1>\n<\/div><div class=\"fusion-text fusion-text-2\"><p style=\"text-align: justify;\">Kui sul on k\u00fcsimusi n\u00f5ustamiskohtumiste v\u00f5i \u00fcldiselt n\u00f5ustamise protsessi kohta, siis v\u00f5ta julgelt \u00fchendust. Siin on m\u00f5ned korduma kippuvad k\u00fcsimused, mis v\u00f5ivad ka sulle abiks olla.<\/p>\n<\/div><\/div><\/div><\/div><\/div><div class=\"fusion-fullwidth fullwidth-box fusion-builder-row-2 fusion-flex-container has-pattern-background has-mask-background nonhundred-percent-fullwidth non-hundred-percent-height-scrolling fusion-no-small-visibility\" style=\"--awb-border-radius-top-left:0px;--awb-border-radius-top-right:0px;--awb-border-radius-bottom-right:0px;--awb-border-radius-bottom-left:0px;--awb-background-color:var(--awb-color4);\" ><div class=\"fusion-builder-row fusion-row fusion-flex-align-items-flex-start fusion-flex-justify-content-space-evenly\" style=\"max-width:1248px;margin-left: calc(-4% \/ 2 );margin-right: calc(-4% \/ 2 );\"><div class=\"fusion-layout-column fusion_builder_column fusion-builder-column-1 fusion_builder_column_1_1 1_1 fusion-flex-column\" style=\"--awb-padding-right:30px;--awb-padding-left:30px;--awb-bg-color:var(--awb-color4);--awb-bg-size:cover;--awb-width-large:100%;--awb-margin-top-large:0px;--awb-spacing-right-large:1.92%;--awb-margin-bottom-large:20px;--awb-spacing-left-large:1.92%;--awb-width-medium:100%;--awb-order-medium:0;--awb-spacing-right-medium:1.92%;--awb-spacing-left-medium:1.92%;--awb-width-small:100%;--awb-order-small:0;--awb-spacing-right-small:1.92%;--awb-spacing-left-small:1.92%;\"><div class=\"fusion-column-wrapper fusion-column-has-shadow fusion-flex-justify-content-flex-start fusion-content-layout-column\"><div class=\"fusion-separator fusion-full-width-sep\" style=\"align-self: center;margin-left: auto;margin-right: auto;margin-top:50px;width:100%;\"><\/div><div class=\"fusion-text fusion-text-3\" style=\"--awb-margin-right:200px;--awb-margin-left:200px;--awb-text-font-family:&quot;Montserrat&quot;;--awb-text-font-style:normal;--awb-text-font-weight:400;\"><p><strong>Kuidas broneerida esimene tutvumiskohtumine?<br \/>\n<\/strong>Kui sa soovid broneerida tutvumiskohtumist, siis palun t\u00e4ida kontaktivorm <a href=\"https:\/\/yourmentalbalance.com\/et\/kontakt\/\">&#8220;Broneeri tutvumiskohtumine&#8221;<\/a>. Palun kirjelda l\u00fchidalt, mis teemaga sa tegeleda tahaksid.\u00a0 Ma vastan sulle paari t\u00f6\u00f6p\u00e4eva jooksul ja broneerime esimese tutvumiskohtumise.<\/p>\n<p><strong>Kuidas esimene tutvumiskohtumine v\u00e4lja n\u00e4eb?<\/strong><br \/>\nEsimene kohtumine on tavaline vestlus, mille k\u00e4igus me \u00fcksteist paremini tundma \u00f5pime. Mina r\u00e4\u00e4gin sulle enda t\u00f6\u00f6metoodikast ja sul on v\u00f5imalus mulle k\u00fcsimusi esitada ning ennast tutvustada ja r\u00e4\u00e4kida, mis on sinu p\u00f5hiline eesm\u00e4rk, mida sa soovid n\u00f5ustamiskohtumiste abiga saavutada. Kui sul ei ole konkreetset eesm\u00e4rki, siis arutame koos, kuidas minul on v\u00f5imalik sind toetada. Seej\u00e4rel me otsustame, kas soovime koost\u00f6\u00f6d teha ja vajadusel broneerime esimese n\u00f5ustamisseansi.<\/p>\n<p><strong>Kuidas toimub n\u00f5ustamisseansi t\u00fchistamine, kui mul ei ole v\u00f5imalik kokkulepitud ajal tulla?<br \/>\n<\/strong>Palun anna mulle esimesel v\u00f5imalusel e-meili teel teada, kui sul ei ole v\u00f5imalik kokkulepitud ajal kohtuda. Broneerime uue kohtumisaja.<\/p>\n<p><strong>Kas meie kohtumised on konfidentsiaalsed?<br \/>\n<\/strong>Kogu info, mida n\u00f5ustamisseansi ajal jagatakse, on konfidentsiaalne. Konfidentsiaalsust v\u00f5ib murda ainult seaduses etten\u00e4htud juhtudel. Seaduste j\u00e4rgi v\u00f5ib teatud infot avaldada kolmandatele isikutele juhul, kui on tekkinud oht kellegi elule v\u00f5i tervisele.<\/p>\n<\/div><\/div><\/div><\/div><\/div><div class=\"fusion-fullwidth fullwidth-box fusion-builder-row-3 fusion-flex-container has-pattern-background has-mask-background nonhundred-percent-fullwidth non-hundred-percent-height-scrolling fusion-no-medium-visibility fusion-no-large-visibility\" style=\"--awb-border-radius-top-left:0px;--awb-border-radius-top-right:0px;--awb-border-radius-bottom-right:0px;--awb-border-radius-bottom-left:0px;--awb-padding-right:-10px;--awb-padding-left:-10px;--awb-background-color:var(--awb-color4);\" ><div class=\"fusion-builder-row fusion-row fusion-flex-align-items-flex-start fusion-flex-justify-content-space-evenly\" style=\"max-width:1248px;margin-left: calc(-4% \/ 2 );margin-right: calc(-4% \/ 2 );\"><div class=\"fusion-layout-column fusion_builder_column fusion-builder-column-2 fusion_builder_column_1_1 1_1 fusion-flex-column\" style=\"--awb-padding-right:30px;--awb-padding-left:30px;--awb-bg-color:var(--awb-color4);--awb-bg-size:cover;--awb-width-large:100%;--awb-margin-top-large:0px;--awb-spacing-right-large:1.92%;--awb-margin-bottom-large:20px;--awb-spacing-left-large:1.92%;--awb-width-medium:100%;--awb-order-medium:0;--awb-spacing-right-medium:1.92%;--awb-spacing-left-medium:1.92%;--awb-width-small:100%;--awb-order-small:0;--awb-spacing-right-small:1.92%;--awb-spacing-left-small:1.92%;\"><div class=\"fusion-column-wrapper fusion-column-has-shadow fusion-flex-justify-content-flex-start fusion-content-layout-column\"><div class=\"fusion-separator fusion-full-width-sep\" style=\"align-self: center;margin-left: auto;margin-right: auto;margin-top:50px;width:100%;\"><\/div><div class=\"fusion-text fusion-text-4\" style=\"--awb-text-font-family:&quot;Montserrat&quot;;--awb-text-font-style:normal;--awb-text-font-weight:400;\"><p style=\"text-align: left;\"><strong>Kuidas broneerida esimene tutvumiskohtumine?<br \/>\n<\/strong>Kui sa soovid broneerida tutvumis- kohtumist, siis palun t\u00e4ida kontaktivorm <a href=\"https:\/\/yourmentalbalance.com\/et\/kontakt\/\">&#8220;Broneeri tutvumiskohtumine&#8221;<\/a>. Palun kirjelda l\u00fchidalt, mis teemaga sa tegeleda tahaksid.\u00a0 Ma vastan sulle paari t\u00f6\u00f6p\u00e4eva jooksul ja broneerime esimese tutvumiskohtumise.<\/p>\n<p style=\"text-align: left;\"><strong>Kuidas esimene tutvumiskohtumine v\u00e4lja n\u00e4eb?<\/strong><br \/>\nEsimene kohtumine on tavaline vestlus, mille k\u00e4igus me \u00fcksteist paremini tundma \u00f5pime. Mina r\u00e4\u00e4gin sulle enda t\u00f6\u00f6metoodikast ja sul on v\u00f5imalus mulle k\u00fcsimusi esitada ning ennast tutvustada ja r\u00e4\u00e4kida, mis on sinu p\u00f5hiline eesm\u00e4rk, mida sa soovid n\u00f5ustamiskohtumiste abiga saavutada. Kui sul ei ole konkreetset eesm\u00e4rki, siis arutame koos, kuidas minul on v\u00f5imalik sind toetada. Seej\u00e4rel me otsustame, kas soovime koost\u00f6\u00f6d teha ja vajadusel broneerime esimese n\u00f5ustamisseansi.<\/p>\n<p style=\"text-align: left;\"><strong>Kuidas toimub n\u00f5ustamisseansi t\u00fchistamine, kui mul ei ole v\u00f5imalik kokkulepitud ajal tulla?<br \/>\n<\/strong>Palun anna mulle esimesel v\u00f5imalusel e-meili teel teada, kui sul ei ole v\u00f5imalik kokkulepitud ajal kohtuda. Broneerime uue kohtumisaja.<\/p>\n<p style=\"text-align: left;\"><strong>Kas meie kohtumised on konfidentsiaalsed?<br \/>\n<\/strong>Kogu info, mida n\u00f5ustamisseansi ajal jagatakse, on konfidentsiaalne. Konfidentsiaalsust v\u00f5ib murda ainult seaduses etten\u00e4htud juhtudel. Seaduste j\u00e4rgi v\u00f5ib teatud infot avaldada kolmandatele isikutele juhul, kui on tekkinud oht kellegi elule v\u00f5i tervisele.<\/p>\n<\/div><\/div><\/div><\/div><\/div><\/p>\n","protected":false},"excerpt":{"rendered":"","protected":false},"author":2,"featured_media":0,"parent":0,"menu_order":0,"comment_status":"closed","ping_status":"closed","template":"100-width.php","meta":{"footnotes":""},"class_list":["post-1578","page","type-page","status-publish","hentry"],"yoast_head":"<!-- This site is optimized with the Yoast SEO plugin v20.2.1 - https:\/\/yoast.com\/wordpress\/plugins\/seo\/ -->\n<title>KKK - Your Mental Balance<\/title>\n<meta name=\"description\" content=\"KKK - Kuidas broneerida esimene tutvumiskohtumine? Kuidas esimene kohtumine v\u00e4lja n\u00e4eb? - Siit leiad m\u00f5ned kasulikud KKK.\" \/>\n<meta name=\"robots\" content=\"index, follow, max-snippet:-1, max-image-preview:large, max-video-preview:-1\" \/>\n<link rel=\"canonical\" href=\"https:\/\/yourmentalbalance.com\/et\/kkk\/\" \/>\n<meta property=\"og:locale\" content=\"et_EE\" \/>\n<meta property=\"og:type\" content=\"article\" \/>\n<meta property=\"og:title\" content=\"KKK - Your Mental Balance\" \/>\n<meta property=\"og:description\" content=\"KKK - Kuidas broneerida esimene tutvumiskohtumine? Kuidas esimene kohtumine v\u00e4lja n\u00e4eb? - Siit leiad m\u00f5ned kasulikud KKK.\" \/>\n<meta property=\"og:url\" content=\"https:\/\/yourmentalbalance.com\/et\/kkk\/\" \/>\n<meta property=\"og:site_name\" content=\"Your Mental Balance\" \/>\n<meta property=\"article:modified_time\" content=\"2023-06-05T10:28:11+00:00\" \/>\n<meta name=\"twitter:card\" content=\"summary_large_image\" \/>\n<meta name=\"twitter:label1\" content=\"Est. reading time\" \/>\n\t<meta name=\"twitter:data1\" content=\"7 minutit\" \/>\n<script type=\"application\/ld+json\" class=\"yoast-schema-graph\">{\"@context\":\"https:\/\/schema.org\",\"@graph\":[{\"@type\":\"WebPage\",\"@id\":\"https:\/\/yourmentalbalance.com\/et\/kkk\/\",\"url\":\"https:\/\/yourmentalbalance.com\/et\/kkk\/\",\"name\":\"KKK - Your Mental Balance\",\"isPartOf\":{\"@id\":\"https:\/\/yourmentalbalance.com\/#website\"},\"datePublished\":\"2023-03-17T11:21:26+00:00\",\"dateModified\":\"2023-06-05T10:28:11+00:00\",\"description\":\"KKK - Kuidas broneerida esimene tutvumiskohtumine? Kuidas esimene kohtumine v\u00e4lja n\u00e4eb? - Siit leiad m\u00f5ned kasulikud KKK.\",\"breadcrumb\":{\"@id\":\"https:\/\/yourmentalbalance.com\/et\/kkk\/#breadcrumb\"},\"inLanguage\":\"et\",\"potentialAction\":[{\"@type\":\"ReadAction\",\"target\":[\"https:\/\/yourmentalbalance.com\/et\/kkk\/\"]}]},{\"@type\":\"BreadcrumbList\",\"@id\":\"https:\/\/yourmentalbalance.com\/et\/kkk\/#breadcrumb\",\"itemListElement\":[{\"@type\":\"ListItem\",\"position\":1,\"name\":\"Home\",\"item\":\"https:\/\/yourmentalbalance.com\/et\/\"},{\"@type\":\"ListItem\",\"position\":2,\"name\":\"KKK\"}]},{\"@type\":\"WebSite\",\"@id\":\"https:\/\/yourmentalbalance.com\/#website\",\"url\":\"https:\/\/yourmentalbalance.com\/\",\"name\":\"Your Mental Balance\",\"description\":\"Psychological counselling\",\"publisher\":{\"@id\":\"https:\/\/yourmentalbalance.com\/#organization\"},\"potentialAction\":[{\"@type\":\"SearchAction\",\"target\":{\"@type\":\"EntryPoint\",\"urlTemplate\":\"https:\/\/yourmentalbalance.com\/?s={search_term_string}\"},\"query-input\":\"required name=search_term_string\"}],\"inLanguage\":\"et\"},{\"@type\":\"Organization\",\"@id\":\"https:\/\/yourmentalbalance.com\/#organization\",\"name\":\"Your Mental Balance\",\"url\":\"https:\/\/yourmentalbalance.com\/\",\"logo\":{\"@type\":\"ImageObject\",\"inLanguage\":\"et\",\"@id\":\"https:\/\/yourmentalbalance.com\/#\/schema\/logo\/image\/\",\"url\":\"https:\/\/yourmentalbalance.com\/wp-content\/uploads\/2023\/03\/2.png\",\"contentUrl\":\"https:\/\/yourmentalbalance.com\/wp-content\/uploads\/2023\/03\/2.png\",\"width\":260,\"height\":21,\"caption\":\"Your Mental Balance\"},\"image\":{\"@id\":\"https:\/\/yourmentalbalance.com\/#\/schema\/logo\/image\/\"}}]}<\/script>\n<!-- \/ Yoast SEO plugin. -->","yoast_head_json":{"title":"KKK - Your Mental Balance","description":"KKK - Kuidas broneerida esimene tutvumiskohtumine? Kuidas esimene kohtumine v\u00e4lja n\u00e4eb? - Siit leiad m\u00f5ned kasulikud KKK.","robots":{"index":"index","follow":"follow","max-snippet":"max-snippet:-1","max-image-preview":"max-image-preview:large","max-video-preview":"max-video-preview:-1"},"canonical":"https:\/\/yourmentalbalance.com\/et\/kkk\/","og_locale":"et_EE","og_type":"article","og_title":"KKK - Your Mental Balance","og_description":"KKK - Kuidas broneerida esimene tutvumiskohtumine? Kuidas esimene kohtumine v\u00e4lja n\u00e4eb? - Siit leiad m\u00f5ned kasulikud KKK.","og_url":"https:\/\/yourmentalbalance.com\/et\/kkk\/","og_site_name":"Your Mental Balance","article_modified_time":"2023-06-05T10:28:11+00:00","twitter_card":"summary_large_image","twitter_misc":{"Est. reading time":"7 minutit"},"schema":{"@context":"https:\/\/schema.org","@graph":[{"@type":"WebPage","@id":"https:\/\/yourmentalbalance.com\/et\/kkk\/","url":"https:\/\/yourmentalbalance.com\/et\/kkk\/","name":"KKK - Your Mental Balance","isPartOf":{"@id":"https:\/\/yourmentalbalance.com\/#website"},"datePublished":"2023-03-17T11:21:26+00:00","dateModified":"2023-06-05T10:28:11+00:00","description":"KKK - Kuidas broneerida esimene tutvumiskohtumine? Kuidas esimene kohtumine v\u00e4lja n\u00e4eb? - Siit leiad m\u00f5ned kasulikud KKK.","breadcrumb":{"@id":"https:\/\/yourmentalbalance.com\/et\/kkk\/#breadcrumb"},"inLanguage":"et","potentialAction":[{"@type":"ReadAction","target":["https:\/\/yourmentalbalance.com\/et\/kkk\/"]}]},{"@type":"BreadcrumbList","@id":"https:\/\/yourmentalbalance.com\/et\/kkk\/#breadcrumb","itemListElement":[{"@type":"ListItem","position":1,"name":"Home","item":"https:\/\/yourmentalbalance.com\/et\/"},{"@type":"ListItem","position":2,"name":"KKK"}]},{"@type":"WebSite","@id":"https:\/\/yourmentalbalance.com\/#website","url":"https:\/\/yourmentalbalance.com\/","name":"Your Mental Balance","description":"Psychological counselling","publisher":{"@id":"https:\/\/yourmentalbalance.com\/#organization"},"potentialAction":[{"@type":"SearchAction","target":{"@type":"EntryPoint","urlTemplate":"https:\/\/yourmentalbalance.com\/?s={search_term_string}"},"query-input":"required name=search_term_string"}],"inLanguage":"et"},{"@type":"Organization","@id":"https:\/\/yourmentalbalance.com\/#organization","name":"Your Mental Balance","url":"https:\/\/yourmentalbalance.com\/","logo":{"@type":"ImageObject","inLanguage":"et","@id":"https:\/\/yourmentalbalance.com\/#\/schema\/logo\/image\/","url":"https:\/\/yourmentalbalance.com\/wp-content\/uploads\/2023\/03\/2.png","contentUrl":"https:\/\/yourmentalbalance.com\/wp-content\/uploads\/2023\/03\/2.png","width":260,"height":21,"caption":"Your Mental Balance"},"image":{"@id":"https:\/\/yourmentalbalance.com\/#\/schema\/logo\/image\/"}}]}},"_links":{"self":[{"href":"https:\/\/yourmentalbalance.com\/et\/wp-json\/wp\/v2\/pages\/1578","targetHints":{"allow":["GET"]}}],"collection":[{"href":"https:\/\/yourmentalbalance.com\/et\/wp-json\/wp\/v2\/pages"}],"about":[{"href":"https:\/\/yourmentalbalance.com\/et\/wp-json\/wp\/v2\/types\/page"}],"author":[{"embeddable":true,"href":"https:\/\/yourmentalbalance.com\/et\/wp-json\/wp\/v2\/users\/2"}],"replies":[{"embeddable":true,"href":"https:\/\/yourmentalbalance.com\/et\/wp-json\/wp\/v2\/comments?post=1578"}],"version-history":[{"count":5,"href":"https:\/\/yourmentalbalance.com\/et\/wp-json\/wp\/v2\/pages\/1578\/revisions"}],"predecessor-version":[{"id":2011,"href":"https:\/\/yourmentalbalance.com\/et\/wp-json\/wp\/v2\/pages\/1578\/revisions\/2011"}],"wp:attachment":[{"href":"https:\/\/yourmentalbalance.com\/et\/wp-json\/wp\/v2\/media?parent=1578"}],"curies":[{"name":"wp","href":"https:\/\/api.w.org\/{rel}","templated":true}]}}